{"id":946,"date":"2020-01-13T11:17:52","date_gmt":"2020-01-13T11:17:52","guid":{"rendered":"https:\/\/demosites.io\/marketing-agency-gb\/?page_id=5"},"modified":"2025-11-28T11:06:28","modified_gmt":"2025-11-28T11:06:28","slug":"bcd31-home","status":"publish","type":"page","link":"https:\/\/orduakyolgrup.com.tr\/","title":{"rendered":"Ana Sayfa"},"content":{"rendered":"\n<div id=\"wp-block-themeisle-blocks-slider-3465a793\" class=\"wp-block-themeisle-blocks-slider alignfull glide\" data-per-view=\"1\" data-gap=\"0\" data-peek=\"0\" data-autoplay=\"4000\" data-height=\"550px\" data-hide-arrows=\"false\"><div class=\"glide__track\" data-glide-el=\"track\"><div class=\"glide__slides\"><div class=\"wp-block-themeisle-blocks-slider-item-wrapper glide__slide\" tabindex=\"0\"><figure><img decoding=\"async\" class=\"wp-block-themeisle-blocks-slider-item\" src=\"http:\/\/orduakyolgrup.com.tr\/wp-content\/uploads\/2025\/08\/akyolda_dugun_1.jpg\" alt=\"\" title=\"\" data-id=\"1008\"\/><\/figure><\/div><div class=\"wp-block-themeisle-blocks-slider-item-wrapper glide__slide\" tabindex=\"0\"><figure><img decoding=\"async\" class=\"wp-block-themeisle-blocks-slider-item\" src=\"http:\/\/orduakyolgrup.com.tr\/wp-content\/uploads\/2025\/08\/akyolda_dugun_2.jpg\" alt=\"\" title=\"\" data-id=\"1009\"\/><\/figure><\/div><div class=\"wp-block-themeisle-blocks-slider-item-wrapper glide__slide\" tabindex=\"0\"><figure><img decoding=\"async\" class=\"wp-block-themeisle-blocks-slider-item\" src=\"http:\/\/orduakyolgrup.com.tr\/wp-content\/uploads\/2025\/08\/akyol_anasayfa_1.jpg\" alt=\"\" title=\"\" data-id=\"1020\"\/><\/figure><\/div><\/div><div class=\"glide__bullets\" data-glide-el=\"controls[nav]\"><button class=\"glide__bullet\" data-glide-dir=\"=0\"><\/button><button class=\"glide__bullet\" data-glide-dir=\"=1\"><\/button><button class=\"glide__bullet\" data-glide-dir=\"=2\"><\/button><\/div><\/div><\/div>\n\n\n\n<hr class=\"wp-block-separator has-alpha-channel-opacity\"\/>\n\n\n\n<div class=\"wp-block-cover alignfull\" style=\"padding-top:var(--wp--preset--spacing--40);padding-bottom:var(--wp--preset--spacing--40);min-height:600px;aspect-ratio:unset;\"><span aria-hidden=\"true\" class=\"wp-block-cover__background has-nv-site-bg-background-color has-background-dim-100 has-background-dim\"><\/span><div class=\"wp-block-cover__inner-container is-layout-flow wp-block-cover-is-layout-flow\">\n<div class=\"wp-block-group\"><div class=\"wp-block-group__inner-container is-layout-flow wp-block-group-is-layout-flow\">\n<div class=\"wp-block-columns are-vertically-aligned-center is-layout-flex wp-container-core-columns-is-layout-9d6595d7 wp-block-columns-is-layout-flex\">\n<div class=\"wp-block-column is-vertically-aligned-center is-layout-flow wp-block-column-is-layout-flow\" style=\"padding-right:var(--wp--preset--spacing--30);padding-left:var(--wp--preset--spacing--30);flex-basis:50%\"><div class=\"wp-block-image is-style-default\">\n<figure class=\"aligncenter size-full is-resized has-custom-border\"><img loading=\"lazy\" decoding=\"async\" width=\"1107\" height=\"730\" src=\"http:\/\/orduakyolgrup.com.tr\/wp-content\/uploads\/2025\/08\/Ekran-goruntusu-2025-08-22-195137.png\" alt=\"\" class=\"wp-image-994\" style=\"border-radius:16px;width:476px;height:auto\" srcset=\"https:\/\/orduakyolgrup.com.tr\/wp-content\/uploads\/2025\/08\/Ekran-goruntusu-2025-08-22-195137.png 1107w, https:\/\/orduakyolgrup.com.tr\/wp-content\/uploads\/2025\/08\/Ekran-goruntusu-2025-08-22-195137-300x198.png 300w, https:\/\/orduakyolgrup.com.tr\/wp-content\/uploads\/2025\/08\/Ekran-goruntusu-2025-08-22-195137-1024x675.png 1024w, https:\/\/orduakyolgrup.com.tr\/wp-content\/uploads\/2025\/08\/Ekran-goruntusu-2025-08-22-195137-768x506.png 768w\" sizes=\"auto, (max-width: 1107px) 100vw, 1107px\" \/><\/figure><\/div><\/div>\n\n\n\n<div class=\"wp-block-column is-vertically-aligned-center is-layout-flow wp-block-column-is-layout-flow\" style=\"padding-right:var(--wp--preset--spacing--30);padding-left:var(--wp--preset--spacing--30);flex-basis:50%\">\n<div style=\"height:20px\" aria-hidden=\"true\" class=\"wp-block-spacer\"><\/div>\n\n\n\n<h5 class=\"wp-block-heading has-text-align-center has-neve-text-color-color has-text-color\">Yemekli ve yemeksiz olarak tercih edebilece\u011finiz \u00f6zel g\u00fcn organizasyonlar\u0131n\u0131zda sizi ve misafirlerinizi en g\u00fczel \u015fekilde a\u011f\u0131rl\u0131yoruz. Sizin i\u00e7in \u00f6zel olan g\u00fcn\u00fcn\u00fczde g\u00fczel an\u0131lar biriktirmeniz i\u00e7in profesyonel ekibimiz y\u0131llar\u0131n verdi\u011fi tecr\u00fcbe ile hizmetinizdedir.<\/h5>\n\n\n\n<p class=\"has-text-align-left has-neve-text-color-color has-text-color\" style=\"font-size:17px\">.<\/p>\n<\/div>\n<\/div>\n\n\n\n<div class=\"wp-block-columns are-vertically-aligned-center is-layout-flex wp-container-core-columns-is-layout-9d6595d7 wp-block-columns-is-layout-flex\">\n<div class=\"wp-block-column is-vertically-aligned-center is-layout-flow wp-block-column-is-layout-flow\" style=\"padding-right:var(--wp--preset--spacing--30);padding-left:var(--wp--preset--spacing--30);flex-basis:50%\">\n<div style=\"height:20px\" aria-hidden=\"true\" class=\"wp-block-spacer\"><\/div>\n\n\n\n<h5 class=\"wp-block-heading has-text-align-center has-neve-text-color-color has-text-color\">Salonlar\u0131m\u0131z\u0131n sahip oldu\u011fu geni\u015f oyun alanlar\u0131, misafirlerinizle birlikte mutlu anlar\u0131n\u0131z\u0131 payla\u015fmak i\u00e7in sizlere rahat bir ortam sunmaktad\u0131r.<\/h5>\n\n\n\n<p class=\"has-text-align-left has-neve-text-color-color has-text-color\" style=\"font-size:17px\">.<\/p>\n<\/div>\n\n\n\n<div class=\"wp-block-column is-vertically-aligned-center is-layout-flow wp-block-column-is-layout-flow\" style=\"padding-right:var(--wp--preset--spacing--30);padding-left:var(--wp--preset--spacing--30);flex-basis:50%\"><div class=\"wp-block-image is-style-default\">\n<figure class=\"aligncenter size-full is-resized has-custom-border\"><img loading=\"lazy\" decoding=\"async\" width=\"1102\" height=\"727\" src=\"http:\/\/orduakyolgrup.com.tr\/wp-content\/uploads\/2025\/08\/Ekran-goruntusu-2025-08-22-195254.png\" alt=\"\" class=\"wp-image-996\" style=\"border-radius:16px;width:467px;height:auto\" srcset=\"https:\/\/orduakyolgrup.com.tr\/wp-content\/uploads\/2025\/08\/Ekran-goruntusu-2025-08-22-195254.png 1102w, https:\/\/orduakyolgrup.com.tr\/wp-content\/uploads\/2025\/08\/Ekran-goruntusu-2025-08-22-195254-300x198.png 300w, https:\/\/orduakyolgrup.com.tr\/wp-content\/uploads\/2025\/08\/Ekran-goruntusu-2025-08-22-195254-1024x676.png 1024w, https:\/\/orduakyolgrup.com.tr\/wp-content\/uploads\/2025\/08\/Ekran-goruntusu-2025-08-22-195254-768x507.png 768w\" sizes=\"auto, (max-width: 1102px) 100vw, 1102px\" \/><\/figure><\/div><\/div>\n<\/div>\n<\/div><\/div>\n<\/div><\/div>\n\n\n\n<div class=\"wp-block-cover alignfull\" style=\"padding-top:var(--wp--preset--spacing--40);padding-bottom:var(--wp--preset--spacing--40);min-height:600px;aspect-ratio:unset;\"><span aria-hidden=\"true\" class=\"wp-block-cover__background has-nv-site-bg-background-color has-background-dim-100 has-background-dim\"><\/span><div class=\"wp-block-cover__inner-container is-layout-flow wp-block-cover-is-layout-flow\">\n<div class=\"wp-block-group\"><div class=\"wp-block-group__inner-container is-layout-flow wp-block-group-is-layout-flow\">\n<div class=\"wp-block-columns are-vertically-aligned-center is-layout-flex wp-container-core-columns-is-layout-22dace48 wp-block-columns-is-layout-flex\" style=\"padding-top:var(--wp--preset--spacing--40);padding-bottom:var(--wp--preset--spacing--40)\">\n<div class=\"wp-block-column is-vertically-aligned-center is-layout-flow wp-block-column-is-layout-flow\" style=\"padding-right:var(--wp--preset--spacing--30);padding-left:var(--wp--preset--spacing--30);flex-basis:50%\"><div class=\"wp-block-image is-style-default\">\n<figure class=\"aligncenter size-full is-resized has-custom-border\"><img loading=\"lazy\" decoding=\"async\" width=\"1102\" height=\"1023\" src=\"http:\/\/orduakyolgrup.com.tr\/wp-content\/uploads\/2025\/08\/Ekran-goruntusu-2025-08-22-195314.png\" alt=\"\" class=\"wp-image-1001\" style=\"border-radius:16px;width:431px;height:auto\" srcset=\"https:\/\/orduakyolgrup.com.tr\/wp-content\/uploads\/2025\/08\/Ekran-goruntusu-2025-08-22-195314.png 1102w, https:\/\/orduakyolgrup.com.tr\/wp-content\/uploads\/2025\/08\/Ekran-goruntusu-2025-08-22-195314-300x278.png 300w, https:\/\/orduakyolgrup.com.tr\/wp-content\/uploads\/2025\/08\/Ekran-goruntusu-2025-08-22-195314-1024x951.png 1024w, https:\/\/orduakyolgrup.com.tr\/wp-content\/uploads\/2025\/08\/Ekran-goruntusu-2025-08-22-195314-768x713.png 768w\" sizes=\"auto, (max-width: 1102px) 100vw, 1102px\" \/><\/figure><\/div><\/div>\n\n\n\n<div class=\"wp-block-column is-vertically-aligned-center is-layout-flow wp-block-column-is-layout-flow\" style=\"padding-right:var(--wp--preset--spacing--30);padding-left:var(--wp--preset--spacing--30);flex-basis:50%\">\n<div style=\"height:20px\" aria-hidden=\"true\" class=\"wp-block-spacer\"><\/div>\n\n\n\n<h5 class=\"wp-block-heading has-text-align-center has-neve-text-color-color has-text-color\">K\u0131na, s\u00fcnnet, do\u011fum g\u00fcn\u00fc gibi organizasyonlar\u0131n\u0131z i\u00e7in \u00f6zel olarak haz\u0131rlanan konseptlerimizle hizmetinizdeyiz.<\/h5>\n\n\n\n<p class=\"has-text-align-left has-neve-text-color-color has-text-color\" style=\"font-size:17px\">.<\/p>\n<\/div>\n<\/div>\n\n\n\n<div class=\"wp-block-columns are-vertically-aligned-center is-layout-flex wp-container-core-columns-is-layout-9d6595d7 wp-block-columns-is-layout-flex\">\n<div class=\"wp-block-column is-vertically-aligned-center is-layout-flow wp-block-column-is-layout-flow\" style=\"padding-right:var(--wp--preset--spacing--30);padding-left:var(--wp--preset--spacing--30);flex-basis:50%\">\n<div style=\"height:20px\" aria-hidden=\"true\" class=\"wp-block-spacer\"><\/div>\n\n\n\n<h5 class=\"wp-block-heading has-text-align-center has-neve-text-color-color has-text-color\">\u00d6zel g\u00fcnleriniz i\u00e7in kapal\u0131 alanlar\u0131m\u0131za alternatif olarak ferah a\u00e7\u0131k alan se\u00e7ene\u011fininin ayr\u0131nt\u0131lar\u0131n\u0131 g\u00f6r\u00fc\u015fmek i\u00e7in sizleri ofisimize bekliyoruz.<\/h5>\n\n\n\n<p class=\"has-text-align-left has-neve-text-color-color has-text-color\" style=\"font-size:17px\">.<\/p>\n<\/div>\n\n\n\n<div class=\"wp-block-column is-vertically-aligned-center is-layout-flow wp-block-column-is-layout-flow\" style=\"padding-right:var(--wp--preset--spacing--30);padding-left:var(--wp--preset--spacing--30);flex-basis:50%\"><div class=\"wp-block-image is-style-default\">\n<figure class=\"aligncenter size-full is-resized has-custom-border\"><img loading=\"lazy\" decoding=\"async\" width=\"1099\" height=\"828\" src=\"http:\/\/orduakyolgrup.com.tr\/wp-content\/uploads\/2025\/08\/Ekran-goruntusu-2025-08-22-195229.png\" alt=\"\" class=\"wp-image-998\" style=\"border-radius:16px;width:447px;height:auto\" srcset=\"https:\/\/orduakyolgrup.com.tr\/wp-content\/uploads\/2025\/08\/Ekran-goruntusu-2025-08-22-195229.png 1099w, https:\/\/orduakyolgrup.com.tr\/wp-content\/uploads\/2025\/08\/Ekran-goruntusu-2025-08-22-195229-300x226.png 300w, https:\/\/orduakyolgrup.com.tr\/wp-content\/uploads\/2025\/08\/Ekran-goruntusu-2025-08-22-195229-1024x771.png 1024w, https:\/\/orduakyolgrup.com.tr\/wp-content\/uploads\/2025\/08\/Ekran-goruntusu-2025-08-22-195229-768x579.png 768w\" sizes=\"auto, (max-width: 1099px) 100vw, 1099px\" \/><\/figure><\/div><\/div>\n<\/div>\n<\/div><\/div>\n<\/div><\/div>\n","protected":false},"excerpt":{"rendered":"","protected":false},"author":1,"featured_media":0,"parent":0,"menu_order":0,"comment_status":"closed","ping_status":"closed","template":"","meta":{"neve_meta_sidebar":"default","neve_meta_container":"default","neve_meta_enable_content_width":"on","neve_meta_content_width":100,"neve_meta_title_alignment":"","neve_meta_author_avatar":"","neve_post_elements_order":"","neve_meta_disable_header":"off","neve_meta_disable_footer":"","neve_meta_disable_title":"on","_themeisle_gutenberg_block_has_review":false,"footnotes":""},"class_list":["post-946","page","type-page","status-publish","hentry"],"_links":{"self":[{"href":"https:\/\/orduakyolgrup.com.tr\/index.php?rest_route=\/wp\/v2\/pages\/946","targetHints":{"allow":["GET"]}}],"collection":[{"href":"https:\/\/orduakyolgrup.com.tr\/index.php?rest_route=\/wp\/v2\/pages"}],"about":[{"href":"https:\/\/orduakyolgrup.com.tr\/index.php?rest_route=\/wp\/v2\/types\/page"}],"author":[{"embeddable":true,"href":"https:\/\/orduakyolgrup.com.tr\/index.php?rest_route=\/wp\/v2\/users\/1"}],"replies":[{"embeddable":true,"href":"https:\/\/orduakyolgrup.com.tr\/index.php?rest_route=%2Fwp%2Fv2%2Fcomments&post=946"}],"version-history":[{"count":31,"href":"https:\/\/orduakyolgrup.com.tr\/index.php?rest_route=\/wp\/v2\/pages\/946\/revisions"}],"predecessor-version":[{"id":1051,"href":"https:\/\/orduakyolgrup.com.tr\/index.php?rest_route=\/wp\/v2\/pages\/946\/revisions\/1051"}],"wp:attachment":[{"href":"https:\/\/orduakyolgrup.com.tr\/index.php?rest_route=%2Fwp%2Fv2%2Fmedia&parent=946"}],"curies":[{"name":"wp","href":"https:\/\/api.w.org\/{rel}","templated":true}]}}